{"id":5,"date":"2026-04-06T11:00:30","date_gmt":"2026-04-06T11:00:30","guid":{"rendered":"https:\/\/xx.publicus.com.tr\/?page_id=5"},"modified":"2026-04-06T15:14:37","modified_gmt":"2026-04-06T12:14:37","slug":"anasayfa","status":"publish","type":"page","link":"https:\/\/xx.publicus.com.tr\/en\/","title":{"rendered":"Home"},"content":{"rendered":"<div data-elementor-type=\"wp-page\" data-elementor-id=\"5\" class=\"elementor elementor-5\">\n\t\t\t\t\t\t<section class=\"elementor-section elementor-top-section elementor-element elementor-element-fb5b162 engin-hero elementor-section-boxed elementor-section-height-default elementor-section-height-default\" data-id=\"fb5b162\" data-element_type=\"section\" data-e-type=\"section\" data-settings=\"{&quot;background_background&quot;:&quot;classic&quot;}\">\n\t\t\t\t\t\t\t<div class=\"elementor-background-overlay\"><\/div>\n\t\t\t\t\t\t\t<div class=\"elementor-container elementor-column-gap-default\">\n\t\t\t\t\t<div class=\"elementor-column elementor-col-100 elementor-top-column elementor-element elementor-element-662f389\" data-id=\"662f389\" data-element_type=\"column\" data-e-type=\"column\">\n\t\t\t<div class=\"elementor-widget-wrap elementor-element-populated\">\n\t\t\t\t\t\t<div class=\"elementor-element elementor-element-9ed112c elementor-widget elementor-widget-image\" data-id=\"9ed112c\" data-element_type=\"widget\" data-e-type=\"widget\" data-widget_type=\"image.default\">\n\t\t\t\t\t\t\t\t\t\t\t\t\t\t\t<img fetchpriority=\"high\" decoding=\"async\" width=\"700\" height=\"210\" src=\"https:\/\/xx.publicus.com.tr\/wp-content\/uploads\/2026\/04\/engin-logo.png\" class=\"attachment-full size-full wp-image-13\" alt=\"\" srcset=\"https:\/\/xx.publicus.com.tr\/wp-content\/uploads\/2026\/04\/engin-logo.png 700w, https:\/\/xx.publicus.com.tr\/wp-content\/uploads\/2026\/04\/engin-logo-300x90.png 300w\" sizes=\"(max-width: 700px) 100vw, 700px\" \/>\t\t\t\t\t\t\t\t\t\t\t\t\t\t\t<\/div>\n\t\t\t\t<div class=\"elementor-element elementor-element-f83f1bc elementor-widget elementor-widget-heading\" data-id=\"f83f1bc\" data-element_type=\"widget\" data-e-type=\"widget\" data-widget_type=\"heading.default\">\n\t\t\t\t\t<h1 class=\"elementor-heading-title elementor-size-default\">Engin Group<\/h1>\t\t\t\t<\/div>\n\t\t\t\t<div class=\"elementor-element elementor-element-df1f076 elementor-widget elementor-widget-text-editor\" data-id=\"df1f076\" data-element_type=\"widget\" data-e-type=\"widget\" data-widget_type=\"text-editor.default\">\n\t\t\t\t\t\t\t\t\tA trusted wholesale shoe supplier established in 1971. We set out with the vision of offering fashion, quality and variety to our customers, and we continue to uphold this vision successfully.\t\t\t\t\t\t\t\t<\/div>\n\t\t\t\t<div class=\"elementor-element elementor-element-b6d0308 elementor-align-left elementor-button-default elementor-widget elementor-widget-button\" data-id=\"b6d0308\" data-element_type=\"widget\" data-e-type=\"widget\" data-widget_type=\"button.default\">\n\t\t\t\t\t\t\t\t\t\t<a class=\"elementor-button elementor-button-link elementor-size-sm\" href=\"\/en\/iletisim\/\">\n\t\t\t\t\t\t<span class=\"elementor-button-content-wrapper\">\n\t\t\t\t\t\t\t\t\t<span class=\"elementor-button-text\">Contact Us<\/span>\n\t\t\t\t\t<\/span>\n\t\t\t\t\t<\/a>\n\t\t\t\t\t\t\t\t<\/div>\n\t\t\t\t\t<\/div>\n\t\t<\/div>\n\t\t\t\t\t<\/div>\n\t\t<\/section>\n\t\t\t\t<section class=\"elementor-section elementor-top-section elementor-element elementor-element-527f91d elementor-section-boxed elementor-section-height-default elementor-section-height-default\" data-id=\"527f91d\" data-element_type=\"section\" data-e-type=\"section\" data-settings=\"{&quot;background_background&quot;:&quot;classic&quot;}\">\n\t\t\t\t\t\t<div class=\"elementor-container elementor-column-gap-default\">\n\t\t\t\t\t<div class=\"elementor-column elementor-col-100 elementor-top-column elementor-element elementor-element-97d78a6\" data-id=\"97d78a6\" data-element_type=\"column\" data-e-type=\"column\">\n\t\t\t<div class=\"elementor-widget-wrap elementor-element-populated\">\n\t\t\t\t\t\t<div class=\"elementor-element elementor-element-660e10a elementor-widget elementor-widget-heading\" data-id=\"660e10a\" data-element_type=\"widget\" data-e-type=\"widget\" data-widget_type=\"heading.default\">\n\t\t\t\t\t<h2 class=\"elementor-heading-title elementor-size-default\">OUR BRANDS<\/h2>\t\t\t\t<\/div>\n\t\t\t\t<div class=\"elementor-element elementor-element-f4478f3 elementor-widget elementor-widget-text-editor\" data-id=\"f4478f3\" data-element_type=\"widget\" data-e-type=\"widget\" data-widget_type=\"text-editor.default\">\n\t\t\t\t\t\t\t\t\t<div class=\"engin-brands-grid\">\n<div class=\"engin-brand-card\">\n  <div class=\"engin-brand-header\"><img decoding=\"async\" src=\"https:\/\/xx.publicus.com.tr\/wp-content\/uploads\/2026\/04\/tburada-logo.png\" alt=\"Toptanc\u0131m Burada\"><\/div>\n  <div class=\"engin-brand-body\">\n    <p>Our company, which has been operating in wholesale trade in Turkey since 1971, took steps to become the strongest name in online wholesale shopping in 2010.<\/p>\n    <a href=\"https:\/\/www.toptancimburada.com\/\" target=\"_blank\" class=\"engin-brand-link\">EXPLORE<\/a>\n  <\/div>\n<\/div>\n<div class=\"engin-brand-card\">\n  <div class=\"engin-brand-header\"><img decoding=\"async\" src=\"https:\/\/xx.publicus.com.tr\/wp-content\/uploads\/2026\/04\/waves-logo.png\" alt=\"Waves Sport\"><\/div>\n  <div class=\"engin-brand-body\">\n    <p>Our Waves brand, established in 2010, started its operations with the mission of supplying quality products at affordable prices in the footwear industry. It offers a wide shoe collection.<\/p>\n    <a href=\"https:\/\/www.wavessport.com\/\" target=\"_blank\" class=\"engin-brand-link\">VISIT WEBSITE<\/a>\n  <\/div>\n<\/div>\n<\/div>\t\t\t\t\t\t\t\t<\/div>\n\t\t\t\t\t<\/div>\n\t\t<\/div>\n\t\t\t\t\t<\/div>\n\t\t<\/section>\n\t\t\t\t<section class=\"elementor-section elementor-top-section elementor-element elementor-element-c092c6c elementor-section-boxed elementor-section-height-default elementor-section-height-default\" data-id=\"c092c6c\" data-element_type=\"section\" data-e-type=\"section\" data-settings=\"{&quot;background_background&quot;:&quot;classic&quot;}\">\n\t\t\t\t\t\t<div class=\"elementor-container elementor-column-gap-default\">\n\t\t\t\t\t<div class=\"elementor-column elementor-col-100 elementor-top-column elementor-element elementor-element-d87bf9b\" data-id=\"d87bf9b\" data-element_type=\"column\" data-e-type=\"column\">\n\t\t\t<div class=\"elementor-widget-wrap elementor-element-populated\">\n\t\t\t\t\t\t<div class=\"elementor-element elementor-element-92f1074 elementor-widget elementor-widget-heading\" data-id=\"92f1074\" data-element_type=\"widget\" data-e-type=\"widget\" data-widget_type=\"heading.default\">\n\t\t\t\t\t<h2 class=\"elementor-heading-title elementor-size-default\">OUR PRODUCTS<\/h2>\t\t\t\t<\/div>\n\t\t\t\t<div class=\"elementor-element elementor-element-6824c5c elementor-widget elementor-widget-text-editor\" data-id=\"6824c5c\" data-element_type=\"widget\" data-e-type=\"widget\" data-widget_type=\"text-editor.default\">\n\t\t\t\t\t\t\t\t\t<div class=\"engin-products-grid\"><div class=\"engin-product-card\"><div class=\"engin-product-img\"><img decoding=\"async\" src=\"https:\/\/xx.publicus.com.tr\/wp-content\/uploads\/2026\/04\/waves-130-siyahkirmizi.png\" alt=\"Waves 130 Filet Cilt\" \/><\/div><div class=\"engin-product-info\"><h3>Waves 130 Filet Leather<\/h3><\/div><\/div><div class=\"engin-product-card\"><div class=\"engin-product-img\"><img decoding=\"async\" src=\"https:\/\/xx.publicus.com.tr\/wp-content\/uploads\/2026\/04\/waves-135-siyahsuyesili.png\" alt=\"Waves 135 Patik Cilt\" \/><\/div><div class=\"engin-product-info\"><h3>Waves 135 Bootie Leather<\/h3><\/div><\/div><div class=\"engin-product-card\"><div class=\"engin-product-img\"><img decoding=\"async\" src=\"https:\/\/xx.publicus.com.tr\/wp-content\/uploads\/2026\/04\/waves-128-siyahpembe.png\" alt=\"Waves 128 Patik Triko\" \/><\/div><div class=\"engin-product-info\"><h3>Waves 128 Bootie Knit<\/h3><\/div><\/div><div class=\"engin-product-card\"><div class=\"engin-product-img\"><img decoding=\"async\" src=\"https:\/\/xx.publicus.com.tr\/wp-content\/uploads\/2026\/04\/waves-210-siyahgumuszincir.png\" alt=\"Waves 210 Patik Bot\" \/><\/div><div class=\"engin-product-info\"><h3>Waves 210 Bootie Boot<\/h3><\/div><\/div><div class=\"engin-product-card\"><div class=\"engin-product-img\"><img decoding=\"async\" src=\"https:\/\/xx.publicus.com.tr\/wp-content\/uploads\/2026\/04\/waves-220-cantali-krem.png\" alt=\"Waves 220 Patik Bot \u00c7antal\u0131\" \/><\/div><div class=\"engin-product-info\"><h3>Waves 220 Bootie Boot with Bag<\/h3><\/div><\/div><div class=\"engin-product-card\"><div class=\"engin-product-img\"><img decoding=\"async\" src=\"https:\/\/xx.publicus.com.tr\/wp-content\/uploads\/2026\/04\/waves-200-siyahciltmor.png\" alt=\"Waves 200 Patik Bot\" \/><\/div><div class=\"engin-product-info\"><h3>Waves 200 Bootie Boot<\/h3><\/div><\/div><\/div>\t\t\t\t\t\t\t\t<\/div>\n\t\t\t\t\t<\/div>\n\t\t<\/div>\n\t\t\t\t\t<\/div>\n\t\t<\/section>\n\t\t\t\t<section class=\"elementor-section elementor-top-section elementor-element elementor-element-e63436d elementor-section-boxed elementor-section-height-default elementor-section-height-default\" data-id=\"e63436d\" data-element_type=\"section\" data-e-type=\"section\" data-settings=\"{&quot;background_background&quot;:&quot;classic&quot;}\">\n\t\t\t\t\t\t<div class=\"elementor-container elementor-column-gap-default\">\n\t\t\t\t\t<div class=\"elementor-column elementor-col-100 elementor-top-column elementor-element elementor-element-6b6f2d4\" data-id=\"6b6f2d4\" data-element_type=\"column\" data-e-type=\"column\">\n\t\t\t<div class=\"elementor-widget-wrap elementor-element-populated\">\n\t\t\t\t\t\t<div class=\"elementor-element elementor-element-b65adae elementor-widget elementor-widget-text-editor\" data-id=\"b65adae\" data-element_type=\"widget\" data-e-type=\"widget\" data-widget_type=\"text-editor.default\">\n\t\t\t\t\t\t\t\t\t<div class=\"engin-about-grid\">\n<div class=\"engin-about-text\">\n  <h2>About Us<\/h2>\n  <p>Engin Group is a trusted wholesale shoe supplier established in 1971. We set out with the vision of offering fashion, quality and variety to our customers, and we continue to uphold this vision successfully.<\/p>\n  <p>With over 52 years of experience, we aim to offer the best shoes to our customers.<\/p>\n  <p><strong>Quality and Variety:<\/strong> We offer a wide shoe collection to meet the needs of our customers. Our shoes, suitable for every taste and style, are produced in accordance with the highest quality standards.<\/p>\n  <p><strong>Customer Satisfaction:<\/strong> Customer satisfaction is the highest priority for Engin Group. We take pride in offering competitive prices, fast delivery, and superior service to our customers.<\/p>\n<\/div>\n<div class=\"engin-about-image\">\n  <img decoding=\"async\" src=\"https:\/\/xx.publicus.com.tr\/wp-content\/uploads\/2026\/04\/engin-logo-2.png\" alt=\"Engin Group\">\n<\/div>\n<\/div>\t\t\t\t\t\t\t\t<\/div>\n\t\t\t\t\t<\/div>\n\t\t<\/div>\n\t\t\t\t\t<\/div>\n\t\t<\/section>\n\t\t\t\t<section class=\"elementor-section elementor-top-section elementor-element elementor-element-310d51a elementor-section-boxed elementor-section-height-default elementor-section-height-default\" data-id=\"310d51a\" data-element_type=\"section\" data-e-type=\"section\" data-settings=\"{&quot;background_background&quot;:&quot;classic&quot;}\">\n\t\t\t\t\t\t<div class=\"elementor-container elementor-column-gap-default\">\n\t\t\t\t\t<div class=\"elementor-column elementor-col-100 elementor-top-column elementor-element elementor-element-36931da\" data-id=\"36931da\" data-element_type=\"column\" data-e-type=\"column\">\n\t\t\t<div class=\"elementor-widget-wrap elementor-element-populated\">\n\t\t\t\t\t\t<div class=\"elementor-element elementor-element-22eab7b elementor-widget elementor-widget-text-editor\" data-id=\"22eab7b\" data-element_type=\"widget\" data-e-type=\"widget\" data-widget_type=\"text-editor.default\">\n\t\t\t\t\t\t\t\t\t<div class=\"engin-contact-grid\">\n<div class=\"engin-contact-cards\">\n  <div class=\"engin-contact-card\">\n    <h3><i class=\"fas fa-map-marker-alt\"><\/i> Avcilar \/ Headquarters<\/h3>\n    <p>Artas Commerce and Industry Center Cihangir Mah, Guvercintepe Caddesi, No:4 Interior Door No:147<\/p>\n  <\/div>\n  <div class=\"engin-contact-card\">\n    <h3><i class=\"fas fa-store\"><\/i> Gedikpasa \/ Store<\/h3>\n    <p>Emin Sinan Mahallesi Pertevpasa Sokak No:9 Fatih \/ Istanbul<\/p>\n  <\/div>\n  <div class=\"engin-contact-card\">\n    <h3><i class=\"fas fa-phone-alt\"><\/i> Contact<\/h3>\n    <p>+90 212 518 13 69<br>+90 552 544 86 40<\/p>\n  <\/div>\n<\/div>\n<div class=\"engin-contact-form\">\n  <h3>Contact Us<\/h3>\n  <form id=\"contact-form\" action=\"\">\n    <div class=\"engin-form-row\">\n      <div class=\"engin-form-group\"><label>First Name *<\/label><input type=\"text\" name=\"name\" required><\/div>\n      <div class=\"engin-form-group\"><label>Last Name<\/label><input type=\"text\" name=\"surname\"><\/div>\n    <\/div>\n    <div class=\"engin-form-row\">\n      <div class=\"engin-form-group\"><label>Phone *<\/label><input type=\"tel\" name=\"phone\" required><\/div>\n      <div class=\"engin-form-group\"><label>Email<\/label><input type=\"email\" name=\"email\"><\/div>\n    <\/div>\n    <div class=\"engin-form-group\"><label>Your Message<\/label><textarea name=\"message\" rows=\"5\"><\/textarea><\/div>\n    <button type=\"submit\" class=\"engin-form-submit\">Send<\/button>\n  <input type=\"hidden\" name=\"trp-form-language\" value=\"en\"\/><\/form>\n<\/div>\n<\/div>\t\t\t\t\t\t\t\t<\/div>\n\t\t\t\t\t<\/div>\n\t\t<\/div>\n\t\t\t\t\t<\/div>\n\t\t<\/section>\n\t\t\t\t<\/div>","protected":false},"excerpt":{"rendered":"<p>Engin Group 1971 y\u0131l\u0131nda kurulan g\u00fcvenilir bir toptan ayakkab\u0131 tedarik\u00e7isi. M\u00fc\u015fterilerimize moda, kalite ve \u00e7e\u015fitlilik sunma vizyonuyla yola \u00e7\u0131kt\u0131k ve bu vizyonumuzu ba\u015far\u0131yla s\u00fcrd\u00fcrmekteyiz. Bize Ula\u015f\u0131n MARKALARIMIZ 1971 y\u0131l\u0131ndan beri T\u00fcrkiye&#8217;de toptanc\u0131l\u0131k \u00fczerine faaliyetlerini devam ettiren \u015firketimiz, 2010 y\u0131l\u0131nda online toptan al\u0131\u015fveri\u015fin en g\u00fc\u00e7l\u00fc ismi olma yolunda ad\u0131mlar atm\u0131\u015ft\u0131r. \u0130NCELE 2010 y\u0131l\u0131nda kurulan Waves markam\u0131z, [&hellip;]<\/p>\n","protected":false},"author":0,"featured_media":0,"parent":0,"menu_order":0,"comment_status":"closed","ping_status":"closed","template":"elementor_header_footer","meta":{"footnotes":""},"class_list":["post-5","page","type-page","status-publish","hentry"],"_links":{"self":[{"href":"https:\/\/xx.publicus.com.tr\/en\/wp-json\/wp\/v2\/pages\/5","targetHints":{"allow":["GET"]}}],"collection":[{"href":"https:\/\/xx.publicus.com.tr\/en\/wp-json\/wp\/v2\/pages"}],"about":[{"href":"https:\/\/xx.publicus.com.tr\/en\/wp-json\/wp\/v2\/types\/page"}],"replies":[{"embeddable":true,"href":"https:\/\/xx.publicus.com.tr\/en\/wp-json\/wp\/v2\/comments?post=5"}],"version-history":[{"count":9,"href":"https:\/\/xx.publicus.com.tr\/en\/wp-json\/wp\/v2\/pages\/5\/revisions"}],"predecessor-version":[{"id":44,"href":"https:\/\/xx.publicus.com.tr\/en\/wp-json\/wp\/v2\/pages\/5\/revisions\/44"}],"wp:attachment":[{"href":"https:\/\/xx.publicus.com.tr\/en\/wp-json\/wp\/v2\/media?parent=5"}],"curies":[{"name":"wp","href":"https:\/\/api.w.org\/{rel}","templated":true}]}}